{"id":531,"date":"2023-06-27T11:08:06","date_gmt":"2023-06-27T14:08:06","guid":{"rendered":"https:\/\/llwarquitetura.com.br\/site\/?page_id=531"},"modified":"2023-06-27T16:56:51","modified_gmt":"2023-06-27T19:56:51","slug":"blog","status":"publish","type":"page","link":"https:\/\/llwarquitetura.com.br\/site\/blog\/","title":{"rendered":"Blog"},"content":{"rendered":"\t\t<div data-elementor-type=\"wp-page\" data-elementor-id=\"531\" class=\"elementor elementor-531\">\n\t\t\t\t\t\t\t\t\t<section class=\"elementor-section elementor-top-section elementor-element elementor-element-4875bb6e elementor-section-boxed elementor-section-height-default elementor-section-height-default\" data-id=\"4875bb6e\" data-element_type=\"section\">\n\t\t\t\t\t\t<div class=\"elementor-container elementor-column-gap-default\">\n\t\t\t\t\t<div class=\"elementor-column elementor-col-100 elementor-top-column elementor-element elementor-element-75988176\" data-id=\"75988176\" data-element_type=\"column\" data-settings=\"{&quot;background_background&quot;:&quot;classic&quot;}\">\n\t\t\t<div class=\"elementor-widget-wrap elementor-element-populated\">\n\t\t\t\t\t<div class=\"elementor-background-overlay\"><\/div>\n\t\t\t\t\t\t\t\t<div class=\"elementor-element elementor-element-7fc23888 elementor-widget elementor-widget-heading\" data-id=\"7fc23888\" data-element_type=\"widget\" data-widget_type=\"heading.default\">\n\t\t\t\t<div class=\"elementor-widget-container\">\n\t\t\t<style>\/*! elementor - v3.14.0 - 26-06-2023 *\/\n.elementor-heading-title{padding:0;margin:0;line-height:1}.elementor-widget-heading .elementor-heading-title[class*=elementor-size-]>a{color:inherit;font-size:inherit;line-height:inherit}.elementor-widget-heading .elementor-heading-title.elementor-size-small{font-size:15px}.elementor-widget-heading .elementor-heading-title.elementor-size-medium{font-size:19px}.elementor-widget-heading .elementor-heading-title.elementor-size-large{font-size:29px}.elementor-widget-heading .elementor-heading-title.elementor-size-xl{font-size:39px}.elementor-widget-heading .elementor-heading-title.elementor-size-xxl{font-size:59px}<\/style><h2 class=\"elementor-heading-title elementor-size-default\">Blog<\/h2>\t\t<\/div>\n\t\t\t\t<\/div>\n\t\t\t\t\t<\/div>\n\t\t<\/div>\n\t\t\t\t\t\t\t<\/div>\n\t\t<\/section>\n\t\t\t\t<section class=\"elementor-section elementor-top-section elementor-element elementor-element-32664783 elementor-section-boxed elementor-section-height-default elementor-section-height-default\" data-id=\"32664783\" data-element_type=\"section\">\n\t\t\t\t\t\t<div class=\"elementor-container elementor-column-gap-default\">\n\t\t\t\t\t<div class=\"elementor-column elementor-col-100 elementor-top-column elementor-element elementor-element-61f61000 elementor-invisible\" data-id=\"61f61000\" data-element_type=\"column\" data-settings=\"{&quot;animation&quot;:&quot;fadeIn&quot;,&quot;animation_delay&quot;:200}\">\n\t\t\t<div class=\"elementor-widget-wrap elementor-element-populated\">\n\t\t\t\t\t\t\t\t<div class=\"elementor-element elementor-element-aa41648 elementor-grid-3 elementor-grid-tablet-2 elementor-grid-mobile-1 elementor-posts--thumbnail-top elementor-widget elementor-widget-posts\" data-id=\"aa41648\" data-element_type=\"widget\" data-settings=\"{&quot;pagination_type&quot;:&quot;prev_next&quot;,&quot;classic_columns&quot;:&quot;3&quot;,&quot;classic_columns_tablet&quot;:&quot;2&quot;,&quot;classic_columns_mobile&quot;:&quot;1&quot;,&quot;classic_row_gap&quot;:{&quot;unit&quot;:&quot;px&quot;,&quot;size&quot;:35,&quot;sizes&quot;:[]},&quot;classic_row_gap_tablet&quot;:{&quot;unit&quot;:&quot;px&quot;,&quot;size&quot;:&quot;&quot;,&quot;sizes&quot;:[]},&quot;classic_row_gap_mobile&quot;:{&quot;unit&quot;:&quot;px&quot;,&quot;size&quot;:&quot;&quot;,&quot;sizes&quot;:[]}}\" data-widget_type=\"posts.classic\">\n\t\t\t\t<div class=\"elementor-widget-container\">\n\t\t\t<link rel=\"stylesheet\" href=\"https:\/\/llwarquitetura.com.br\/site\/wp-content\/plugins\/elementor-pro\/assets\/css\/widget-posts.min.css\">\t\t<div class=\"elementor-posts-container elementor-posts elementor-posts--skin-classic elementor-grid\">\n\t\t\t\t<article class=\"elementor-post elementor-grid-item post-483 post type-post status-publish format-standard has-post-thumbnail hentry category-blog category-blog-page-principal\">\n\t\t\t\t<a class=\"elementor-post__thumbnail__link\" href=\"https:\/\/llwarquitetura.com.br\/site\/a-versatilidade-do-estilo-contemporaneo-na-arquitetura\/\" >\n\t\t\t<div class=\"elementor-post__thumbnail\"><img loading=\"lazy\" decoding=\"async\" width=\"1500\" height=\"938\" src=\"https:\/\/llwarquitetura.com.br\/site\/wp-content\/uploads\/2023\/06\/arquitetura-contemporanea.jpg\" class=\"attachment-full size-full wp-image-484\" alt=\"\" srcset=\"https:\/\/llwarquitetura.com.br\/site\/wp-content\/uploads\/2023\/06\/arquitetura-contemporanea.jpg 1500w, https:\/\/llwarquitetura.com.br\/site\/wp-content\/uploads\/2023\/06\/arquitetura-contemporanea-300x188.jpg 300w, https:\/\/llwarquitetura.com.br\/site\/wp-content\/uploads\/2023\/06\/arquitetura-contemporanea-1024x640.jpg 1024w, https:\/\/llwarquitetura.com.br\/site\/wp-content\/uploads\/2023\/06\/arquitetura-contemporanea-768x480.jpg 768w\" sizes=\"auto, (max-width: 1500px) 100vw, 1500px\" \/><\/div>\n\t\t<\/a>\n\t\t\t\t<div class=\"elementor-post__text\">\n\t\t\t\t<h3 class=\"elementor-post__title\">\n\t\t\t<a href=\"https:\/\/llwarquitetura.com.br\/site\/a-versatilidade-do-estilo-contemporaneo-na-arquitetura\/\" >\n\t\t\t\tA Versatilidade do Estilo Contempor\u00e2neo na Arquitetura\t\t\t<\/a>\n\t\t<\/h3>\n\t\t\t\t\t<a class=\"elementor-post__read-more\" href=\"https:\/\/llwarquitetura.com.br\/site\/a-versatilidade-do-estilo-contemporaneo-na-arquitetura\/\" >\n\t\t\t\tLER ARTIGO \u00bb\t\t\t<\/a>\n\t\t\t\t<\/div>\n\t\t\t\t<\/article>\n\t\t\t\t<article class=\"elementor-post elementor-grid-item post-469 post type-post status-publish format-standard has-post-thumbnail hentry category-blog category-blog-page-principal\">\n\t\t\t\t<a class=\"elementor-post__thumbnail__link\" href=\"https:\/\/llwarquitetura.com.br\/site\/o-design-bioclimatico-a-harmonia-entre-arquitetura-e-meio-ambiente\/\" >\n\t\t\t<div class=\"elementor-post__thumbnail\"><img loading=\"lazy\" decoding=\"async\" width=\"1500\" height=\"1094\" src=\"https:\/\/llwarquitetura.com.br\/site\/wp-content\/uploads\/2023\/06\/projeto-de-arquitetura-inovadora.jpg\" class=\"attachment-full size-full wp-image-473\" alt=\"\" srcset=\"https:\/\/llwarquitetura.com.br\/site\/wp-content\/uploads\/2023\/06\/projeto-de-arquitetura-inovadora.jpg 1500w, https:\/\/llwarquitetura.com.br\/site\/wp-content\/uploads\/2023\/06\/projeto-de-arquitetura-inovadora-300x219.jpg 300w, https:\/\/llwarquitetura.com.br\/site\/wp-content\/uploads\/2023\/06\/projeto-de-arquitetura-inovadora-1024x747.jpg 1024w, https:\/\/llwarquitetura.com.br\/site\/wp-content\/uploads\/2023\/06\/projeto-de-arquitetura-inovadora-768x560.jpg 768w\" sizes=\"auto, (max-width: 1500px) 100vw, 1500px\" \/><\/div>\n\t\t<\/a>\n\t\t\t\t<div class=\"elementor-post__text\">\n\t\t\t\t<h3 class=\"elementor-post__title\">\n\t\t\t<a href=\"https:\/\/llwarquitetura.com.br\/site\/o-design-bioclimatico-a-harmonia-entre-arquitetura-e-meio-ambiente\/\" >\n\t\t\t\tO Design Bioclim\u00e1tico: A Harmonia entre Arquitetura e Meio Ambiente\t\t\t<\/a>\n\t\t<\/h3>\n\t\t\t\t\t<a class=\"elementor-post__read-more\" href=\"https:\/\/llwarquitetura.com.br\/site\/o-design-bioclimatico-a-harmonia-entre-arquitetura-e-meio-ambiente\/\" >\n\t\t\t\tLER ARTIGO \u00bb\t\t\t<\/a>\n\t\t\t\t<\/div>\n\t\t\t\t<\/article>\n\t\t\t\t<article class=\"elementor-post elementor-grid-item post-456 post type-post status-publish format-standard has-post-thumbnail hentry category-blog category-blog-page-principal\">\n\t\t\t\t<a class=\"elementor-post__thumbnail__link\" href=\"https:\/\/llwarquitetura.com.br\/site\/a-importancia-da-arquitetura-sustentavel-na-construcao-do-futuroo-papel-da-arquitetura-na-construcao-de-espacos-funcionais-e-inspiradores\/\" >\n\t\t\t<div class=\"elementor-post__thumbnail\"><img loading=\"lazy\" decoding=\"async\" width=\"1500\" height=\"1007\" src=\"https:\/\/llwarquitetura.com.br\/site\/wp-content\/uploads\/2023\/06\/arquitetura-sustentavel.jpg\" class=\"attachment-full size-full wp-image-458\" alt=\"\" srcset=\"https:\/\/llwarquitetura.com.br\/site\/wp-content\/uploads\/2023\/06\/arquitetura-sustentavel.jpg 1500w, https:\/\/llwarquitetura.com.br\/site\/wp-content\/uploads\/2023\/06\/arquitetura-sustentavel-300x201.jpg 300w, https:\/\/llwarquitetura.com.br\/site\/wp-content\/uploads\/2023\/06\/arquitetura-sustentavel-1024x687.jpg 1024w, https:\/\/llwarquitetura.com.br\/site\/wp-content\/uploads\/2023\/06\/arquitetura-sustentavel-768x516.jpg 768w\" sizes=\"auto, (max-width: 1500px) 100vw, 1500px\" \/><\/div>\n\t\t<\/a>\n\t\t\t\t<div class=\"elementor-post__text\">\n\t\t\t\t<h3 class=\"elementor-post__title\">\n\t\t\t<a href=\"https:\/\/llwarquitetura.com.br\/site\/a-importancia-da-arquitetura-sustentavel-na-construcao-do-futuroo-papel-da-arquitetura-na-construcao-de-espacos-funcionais-e-inspiradores\/\" >\n\t\t\t\tA Import\u00e2ncia da Arquitetura Sustent\u00e1vel na Constru\u00e7\u00e3o do Futuro\t\t\t<\/a>\n\t\t<\/h3>\n\t\t\t\t\t<a class=\"elementor-post__read-more\" href=\"https:\/\/llwarquitetura.com.br\/site\/a-importancia-da-arquitetura-sustentavel-na-construcao-do-futuroo-papel-da-arquitetura-na-construcao-de-espacos-funcionais-e-inspiradores\/\" >\n\t\t\t\tLER ARTIGO \u00bb\t\t\t<\/a>\n\t\t\t\t<\/div>\n\t\t\t\t<\/article>\n\t\t\t\t<\/div>\n\n\n\t\t\n\t\t\t\t<\/div>\n\t\t\t\t<\/div>\n\t\t\t\t\t<\/div>\n\t\t<\/div>\n\t\t\t\t\t\t\t<\/div>\n\t\t<\/section>\n\t\t\t\t\t\t\t<\/div>\n\t\t","protected":false},"excerpt":{"rendered":"<p>Blog<\/p>\n","protected":false},"author":1,"featured_media":29,"parent":0,"menu_order":0,"comment_status":"closed","ping_status":"closed","template":"elementor_header_footer","meta":{"_joinchat":[],"footnotes":""},"class_list":["post-531","page","type-page","status-publish","has-post-thumbnail","hentry"],"yoast_head":"<!-- This site is optimized with the Yoast SEO plugin v20.10 - https:\/\/yoast.com\/wordpress\/plugins\/seo\/ -->\n<title>Blog - LLW Arquitetura<\/title>\n<meta name=\"description\" content=\"Aprofunde-se no mundo da arquitetura e design com o blog da LLW Arquitetura. Descubra artigos inspiradores, tend\u00eancias inovadoras e dicas pr\u00e1ticas para transformar seus espa\u00e7os. Acompanhe nossas postagens e embarque em uma jornada de criatividade e conhecimento arquitet\u00f4nico.\" \/>\n<meta name=\"robots\" content=\"index, follow, max-snippet:-1, max-image-preview:large, max-video-preview:-1\" \/>\n<link rel=\"canonical\" href=\"https:\/\/llwarquitetura.com.br\/site\/blog\/\" \/>\n<meta property=\"og:locale\" content=\"pt_BR\" \/>\n<meta property=\"og:type\" content=\"article\" \/>\n<meta property=\"og:title\" content=\"Blog - LLW Arquitetura\" \/>\n<meta property=\"og:description\" content=\"Aprofunde-se no mundo da arquitetura e design com o blog da LLW Arquitetura. Descubra artigos inspiradores, tend\u00eancias inovadoras e dicas pr\u00e1ticas para transformar seus espa\u00e7os. Acompanhe nossas postagens e embarque em uma jornada de criatividade e conhecimento arquitet\u00f4nico.\" \/>\n<meta property=\"og:url\" content=\"https:\/\/llwarquitetura.com.br\/site\/blog\/\" \/>\n<meta property=\"og:site_name\" content=\"LLW Arquitetura\" \/>\n<meta property=\"article:publisher\" content=\"https:\/\/www.facebook.com\/lilianwojcikiewicz\/\" \/>\n<meta property=\"article:modified_time\" content=\"2023-06-27T19:56:51+00:00\" \/>\n<meta property=\"og:image\" content=\"https:\/\/llwarquitetura.com.br\/site\/wp-content\/uploads\/2023\/06\/5b0eb7eb13e4b001f0e0cc2a-Lilian-Lidia-Wojcikiewicz-Duarte-Silva.png\" \/>\n\t<meta property=\"og:image:width\" content=\"2480\" \/>\n\t<meta property=\"og:image:height\" content=\"2480\" \/>\n\t<meta property=\"og:image:type\" content=\"image\/png\" \/>\n<meta name=\"twitter:card\" content=\"summary_large_image\" \/>\n<meta name=\"twitter:label1\" content=\"Est. tempo de leitura\" \/>\n\t<meta name=\"twitter:data1\" content=\"1 minuto\" \/>\n<script type=\"application\/ld+json\" class=\"yoast-schema-graph\">{\"@context\":\"https:\/\/schema.org\",\"@graph\":[{\"@type\":\"WebPage\",\"@id\":\"https:\/\/llwarquitetura.com.br\/site\/blog\/\",\"url\":\"https:\/\/llwarquitetura.com.br\/site\/blog\/\",\"name\":\"Blog - LLW Arquitetura\",\"isPartOf\":{\"@id\":\"https:\/\/llwarquitetura.com.br\/site\/#website\"},\"datePublished\":\"2023-06-27T14:08:06+00:00\",\"dateModified\":\"2023-06-27T19:56:51+00:00\",\"description\":\"Aprofunde-se no mundo da arquitetura e design com o blog da LLW Arquitetura. Descubra artigos inspiradores, tend\u00eancias inovadoras e dicas pr\u00e1ticas para transformar seus espa\u00e7os. Acompanhe nossas postagens e embarque em uma jornada de criatividade e conhecimento arquitet\u00f4nico.\",\"breadcrumb\":{\"@id\":\"https:\/\/llwarquitetura.com.br\/site\/blog\/#breadcrumb\"},\"inLanguage\":\"pt-BR\",\"potentialAction\":[{\"@type\":\"ReadAction\",\"target\":[\"https:\/\/llwarquitetura.com.br\/site\/blog\/\"]}]},{\"@type\":\"BreadcrumbList\",\"@id\":\"https:\/\/llwarquitetura.com.br\/site\/blog\/#breadcrumb\",\"itemListElement\":[{\"@type\":\"ListItem\",\"position\":1,\"name\":\"In\u00edcio\",\"item\":\"https:\/\/llwarquitetura.com.br\/site\/\"},{\"@type\":\"ListItem\",\"position\":2,\"name\":\"Blog\"}]},{\"@type\":\"WebSite\",\"@id\":\"https:\/\/llwarquitetura.com.br\/site\/#website\",\"url\":\"https:\/\/llwarquitetura.com.br\/site\/\",\"name\":\"LLW Arquitetura\",\"description\":\"LLW Arquitetura - Transformando espa\u00e7os com design e inova\u00e7\u00e3o. Somos uma empresa de arquitetura comprometida em criar ambientes \u00fanicos e funcionais. Nossos servi\u00e7os abrangem desde projetos residenciais e comerciais at\u00e9 a consultoria em design de interiores. Com uma equipe experiente e apaixonada, combinamos criatividade, expertise t\u00e9cnica e aten\u00e7\u00e3o aos detalhes para entregar solu\u00e7\u00f5es arquitet\u00f4nicas de excel\u00eancia. Confie na LLW Arquitetura para dar vida aos seus sonhos de espa\u00e7os bem projetados. Entre em contato conosco e descubra como podemos tornar seu projeto arquitet\u00f4nico uma realidade\",\"publisher\":{\"@id\":\"https:\/\/llwarquitetura.com.br\/site\/#organization\"},\"potentialAction\":[{\"@type\":\"SearchAction\",\"target\":{\"@type\":\"EntryPoint\",\"urlTemplate\":\"https:\/\/llwarquitetura.com.br\/site\/?s={search_term_string}\"},\"query-input\":\"required name=search_term_string\"}],\"inLanguage\":\"pt-BR\"},{\"@type\":\"Organization\",\"@id\":\"https:\/\/llwarquitetura.com.br\/site\/#organization\",\"name\":\"LLW Arquitetura\",\"url\":\"https:\/\/llwarquitetura.com.br\/site\/\",\"logo\":{\"@type\":\"ImageObject\",\"inLanguage\":\"pt-BR\",\"@id\":\"https:\/\/llwarquitetura.com.br\/site\/#\/schema\/logo\/image\/\",\"url\":\"https:\/\/llwarquitetura.com.br\/site\/wp-content\/uploads\/2023\/06\/5b0eb7fe13e4b001f0e0cc2e-Lilian-Lidia-Wojcikiewicz-Duarte-Silva-e1687619748731.png\",\"contentUrl\":\"https:\/\/llwarquitetura.com.br\/site\/wp-content\/uploads\/2023\/06\/5b0eb7fe13e4b001f0e0cc2e-Lilian-Lidia-Wojcikiewicz-Duarte-Silva-e1687619748731.png\",\"width\":1934,\"height\":756,\"caption\":\"LLW Arquitetura\"},\"image\":{\"@id\":\"https:\/\/llwarquitetura.com.br\/site\/#\/schema\/logo\/image\/\"},\"sameAs\":[\"https:\/\/www.facebook.com\/lilianwojcikiewicz\/\"]}]}<\/script>\n<!-- \/ Yoast SEO plugin. -->","yoast_head_json":{"title":"Blog - LLW Arquitetura","description":"Aprofunde-se no mundo da arquitetura e design com o blog da LLW Arquitetura. Descubra artigos inspiradores, tend\u00eancias inovadoras e dicas pr\u00e1ticas para transformar seus espa\u00e7os. Acompanhe nossas postagens e embarque em uma jornada de criatividade e conhecimento arquitet\u00f4nico.","robots":{"index":"index","follow":"follow","max-snippet":"max-snippet:-1","max-image-preview":"max-image-preview:large","max-video-preview":"max-video-preview:-1"},"canonical":"https:\/\/llwarquitetura.com.br\/site\/blog\/","og_locale":"pt_BR","og_type":"article","og_title":"Blog - LLW Arquitetura","og_description":"Aprofunde-se no mundo da arquitetura e design com o blog da LLW Arquitetura. Descubra artigos inspiradores, tend\u00eancias inovadoras e dicas pr\u00e1ticas para transformar seus espa\u00e7os. Acompanhe nossas postagens e embarque em uma jornada de criatividade e conhecimento arquitet\u00f4nico.","og_url":"https:\/\/llwarquitetura.com.br\/site\/blog\/","og_site_name":"LLW Arquitetura","article_publisher":"https:\/\/www.facebook.com\/lilianwojcikiewicz\/","article_modified_time":"2023-06-27T19:56:51+00:00","og_image":[{"width":2480,"height":2480,"url":"https:\/\/llwarquitetura.com.br\/site\/wp-content\/uploads\/2023\/06\/5b0eb7eb13e4b001f0e0cc2a-Lilian-Lidia-Wojcikiewicz-Duarte-Silva.png","type":"image\/png"}],"twitter_card":"summary_large_image","twitter_misc":{"Est. tempo de leitura":"1 minuto"},"schema":{"@context":"https:\/\/schema.org","@graph":[{"@type":"WebPage","@id":"https:\/\/llwarquitetura.com.br\/site\/blog\/","url":"https:\/\/llwarquitetura.com.br\/site\/blog\/","name":"Blog - LLW Arquitetura","isPartOf":{"@id":"https:\/\/llwarquitetura.com.br\/site\/#website"},"datePublished":"2023-06-27T14:08:06+00:00","dateModified":"2023-06-27T19:56:51+00:00","description":"Aprofunde-se no mundo da arquitetura e design com o blog da LLW Arquitetura. Descubra artigos inspiradores, tend\u00eancias inovadoras e dicas pr\u00e1ticas para transformar seus espa\u00e7os. Acompanhe nossas postagens e embarque em uma jornada de criatividade e conhecimento arquitet\u00f4nico.","breadcrumb":{"@id":"https:\/\/llwarquitetura.com.br\/site\/blog\/#breadcrumb"},"inLanguage":"pt-BR","potentialAction":[{"@type":"ReadAction","target":["https:\/\/llwarquitetura.com.br\/site\/blog\/"]}]},{"@type":"BreadcrumbList","@id":"https:\/\/llwarquitetura.com.br\/site\/blog\/#breadcrumb","itemListElement":[{"@type":"ListItem","position":1,"name":"In\u00edcio","item":"https:\/\/llwarquitetura.com.br\/site\/"},{"@type":"ListItem","position":2,"name":"Blog"}]},{"@type":"WebSite","@id":"https:\/\/llwarquitetura.com.br\/site\/#website","url":"https:\/\/llwarquitetura.com.br\/site\/","name":"LLW Arquitetura","description":"LLW Arquitetura - Transformando espa\u00e7os com design e inova\u00e7\u00e3o. Somos uma empresa de arquitetura comprometida em criar ambientes \u00fanicos e funcionais. Nossos servi\u00e7os abrangem desde projetos residenciais e comerciais at\u00e9 a consultoria em design de interiores. Com uma equipe experiente e apaixonada, combinamos criatividade, expertise t\u00e9cnica e aten\u00e7\u00e3o aos detalhes para entregar solu\u00e7\u00f5es arquitet\u00f4nicas de excel\u00eancia. Confie na LLW Arquitetura para dar vida aos seus sonhos de espa\u00e7os bem projetados. Entre em contato conosco e descubra como podemos tornar seu projeto arquitet\u00f4nico uma realidade","publisher":{"@id":"https:\/\/llwarquitetura.com.br\/site\/#organization"},"potentialAction":[{"@type":"SearchAction","target":{"@type":"EntryPoint","urlTemplate":"https:\/\/llwarquitetura.com.br\/site\/?s={search_term_string}"},"query-input":"required name=search_term_string"}],"inLanguage":"pt-BR"},{"@type":"Organization","@id":"https:\/\/llwarquitetura.com.br\/site\/#organization","name":"LLW Arquitetura","url":"https:\/\/llwarquitetura.com.br\/site\/","logo":{"@type":"ImageObject","inLanguage":"pt-BR","@id":"https:\/\/llwarquitetura.com.br\/site\/#\/schema\/logo\/image\/","url":"https:\/\/llwarquitetura.com.br\/site\/wp-content\/uploads\/2023\/06\/5b0eb7fe13e4b001f0e0cc2e-Lilian-Lidia-Wojcikiewicz-Duarte-Silva-e1687619748731.png","contentUrl":"https:\/\/llwarquitetura.com.br\/site\/wp-content\/uploads\/2023\/06\/5b0eb7fe13e4b001f0e0cc2e-Lilian-Lidia-Wojcikiewicz-Duarte-Silva-e1687619748731.png","width":1934,"height":756,"caption":"LLW Arquitetura"},"image":{"@id":"https:\/\/llwarquitetura.com.br\/site\/#\/schema\/logo\/image\/"},"sameAs":["https:\/\/www.facebook.com\/lilianwojcikiewicz\/"]}]}},"_links":{"self":[{"href":"https:\/\/llwarquitetura.com.br\/site\/wp-json\/wp\/v2\/pages\/531","targetHints":{"allow":["GET"]}}],"collection":[{"href":"https:\/\/llwarquitetura.com.br\/site\/wp-json\/wp\/v2\/pages"}],"about":[{"href":"https:\/\/llwarquitetura.com.br\/site\/wp-json\/wp\/v2\/types\/page"}],"author":[{"embeddable":true,"href":"https:\/\/llwarquitetura.com.br\/site\/wp-json\/wp\/v2\/users\/1"}],"replies":[{"embeddable":true,"href":"https:\/\/llwarquitetura.com.br\/site\/wp-json\/wp\/v2\/comments?post=531"}],"version-history":[{"count":23,"href":"https:\/\/llwarquitetura.com.br\/site\/wp-json\/wp\/v2\/pages\/531\/revisions"}],"predecessor-version":[{"id":707,"href":"https:\/\/llwarquitetura.com.br\/site\/wp-json\/wp\/v2\/pages\/531\/revisions\/707"}],"wp:featuredmedia":[{"embeddable":true,"href":"https:\/\/llwarquitetura.com.br\/site\/wp-json\/wp\/v2\/media\/29"}],"wp:attachment":[{"href":"https:\/\/llwarquitetura.com.br\/site\/wp-json\/wp\/v2\/media?parent=531"}],"curies":[{"name":"wp","href":"https:\/\/api.w.org\/{rel}","templated":true}]}}